{"id":124,"date":"2023-05-25T22:44:35","date_gmt":"2023-05-26T01:44:35","guid":{"rendered":"https:\/\/ninhodasartes.com\/index.php\/the-academy\/"},"modified":"2023-05-26T02:15:30","modified_gmt":"2023-05-26T05:15:30","slug":"objetivos","status":"publish","type":"page","link":"https:\/\/ninhodasartes.com\/index.php\/objetivos\/","title":{"rendered":"Objetivos"},"content":{"rendered":"\t\t<div data-elementor-type=\"wp-page\" data-elementor-id=\"124\" class=\"elementor elementor-124\">\n\t\t\t\t\t\t\t\t\t<section class=\"elementor-section elementor-top-section elementor-element elementor-element-1414c87c elementor-section-height-min-height elementor-section-items-stretch elementor-section-content-middle elementor-reverse-mobile elementor-section-boxed elementor-section-height-default\" data-id=\"1414c87c\" data-element_type=\"section\" data-settings=\"{&quot;background_background&quot;:&quot;classic&quot;,&quot;background_motion_fx_motion_fx_mouse&quot;:&quot;yes&quot;,&quot;background_motion_fx_mouseTrack_effect&quot;:&quot;yes&quot;,&quot;background_motion_fx_mouseTrack_speed&quot;:{&quot;unit&quot;:&quot;px&quot;,&quot;size&quot;:&quot;0.3&quot;,&quot;sizes&quot;:[]}}\" data-e-bg-lazyload=\"\">\n\t\t\t\t\t\t\t<div class=\"elementor-background-overlay\"><\/div>\n\t\t\t\t\t\t\t<div class=\"elementor-container elementor-column-gap-default\">\n\t\t\t\t\t<div class=\"elementor-column elementor-col-66 elementor-top-column elementor-element elementor-element-503f852e\" data-id=\"503f852e\" data-element_type=\"column\">\n\t\t\t<div class=\"elementor-widget-wrap elementor-element-populated\">\n\t\t\t\t\t\t\t\t<div class=\"elementor-element elementor-element-2d33d862 elementor-widget elementor-widget-heading\" data-id=\"2d33d862\" data-element_type=\"widget\" data-widget_type=\"heading.default\">\n\t\t\t\t<div class=\"elementor-widget-container\">\n\t\t\t<style>\/*! elementor - v3.13.3 - 22-05-2023 *\/\n.elementor-heading-title{padding:0;margin:0;line-height:1}.elementor-widget-heading .elementor-heading-title[class*=elementor-size-]>a{color:inherit;font-size:inherit;line-height:inherit}.elementor-widget-heading .elementor-heading-title.elementor-size-small{font-size:15px}.elementor-widget-heading .elementor-heading-title.elementor-size-medium{font-size:19px}.elementor-widget-heading .elementor-heading-title.elementor-size-large{font-size:29px}.elementor-widget-heading .elementor-heading-title.elementor-size-xl{font-size:39px}.elementor-widget-heading .elementor-heading-title.elementor-size-xxl{font-size:59px}<\/style><h1 class=\"elementor-heading-title elementor-size-default\">OBJETIVOS DO DESENVOLVIMENTO SUSTENT\u00c1VEL (ODS)<\/h1>\t\t<\/div>\n\t\t\t\t<\/div>\n\t\t\t\t<div class=\"elementor-element elementor-element-611ffc7 elementor-widget elementor-widget-text-editor\" data-id=\"611ffc7\" data-element_type=\"widget\" data-widget_type=\"text-editor.default\">\n\t\t\t\t<div class=\"elementor-widget-container\">\n\t\t\t<style>\/*! elementor - v3.13.3 - 22-05-2023 *\/\n.elementor-widget-text-editor.elementor-drop-cap-view-stacked .elementor-drop-cap{background-color:#69727d;color:#fff}.elementor-widget-text-editor.elementor-drop-cap-view-framed .elementor-drop-cap{color:#69727d;border:3px solid;background-color:transparent}.elementor-widget-text-editor:not(.elementor-drop-cap-view-default) .elementor-drop-cap{margin-top:8px}.elementor-widget-text-editor:not(.elementor-drop-cap-view-default) .elementor-drop-cap-letter{width:1em;height:1em}.elementor-widget-text-editor .elementor-drop-cap{float:left;text-align:center;line-height:1;font-size:50px}.elementor-widget-text-editor .elementor-drop-cap-letter{display:inline-block}<\/style>\t\t\t\t<p><span style=\"font-weight: 400;\">O projeto<strong> Ninho das Artes<\/strong> n\u00e3o quer s\u00f3 impactar sensivelmente um p\u00fablico de primeira inf\u00e2ncia durante um intervalo de tempo por meio da magia das f\u00e1bulas. Quer tamb\u00e9m fortalecer o espa\u00e7o acolhedor que o protege. Ao escolher as creches comunit\u00e1rias, esses dois aspectos precisam ser entrela\u00e7ados e compreendidos para que a a\u00e7\u00e3o cultural proposta tenha uma transforma\u00e7\u00e3o mais aprofundada.<\/span><\/p><p><span style=\"font-weight: 400;\">O projeto dialoga com <strong>quatro Objetivos de Desenvolvimento <\/strong><\/span><strong>Sustent\u00e1veis (ODS):<\/strong><\/p>\t\t\t\t\t\t<\/div>\n\t\t\t\t<\/div>\n\t\t\t\t<div class=\"elementor-element elementor-element-607173c8 elementor-align-left elementor-mobile-align-center elementor-widget elementor-widget-button\" data-id=\"607173c8\" data-element_type=\"widget\" data-widget_type=\"button.default\">\n\t\t\t\t<div class=\"elementor-widget-container\">\n\t\t\t\t\t<div class=\"elementor-button-wrapper\">\n\t\t\t<a href=\"#objetivos\" class=\"elementor-button-link elementor-button elementor-size-md\" role=\"button\">\n\t\t\t\t\t\t<span class=\"elementor-button-content-wrapper\">\n\t\t\t\t\t\t\t<span class=\"elementor-button-icon elementor-align-icon-right\">\n\t\t\t\t<svg aria-hidden=\"true\" class=\"e-font-icon-svg e-fas-palette\" viewBox=\"0 0 512 512\" xmlns=\"http:\/\/www.w3.org\/2000\/svg\"><path d=\"M204.3 5C104.9 24.4 24.8 104.3 5.2 203.4c-37 187 131.7 326.4 258.8 306.7 41.2-6.4 61.4-54.6 42.5-91.7-23.1-45.4 9.9-98.4 60.9-98.4h79.7c35.8 0 64.8-29.6 64.9-65.3C511.5 97.1 368.1-26.9 204.3 5zM96 320c-17.7 0-32-14.3-32-32s14.3-32 32-32 32 14.3 32 32-14.3 32-32 32zm32-128c-17.7 0-32-14.3-32-32s14.3-32 32-32 32 14.3 32 32-14.3 32-32 32zm128-64c-17.7 0-32-14.3-32-32s14.3-32 32-32 32 14.3 32 32-14.3 32-32 32zm128 64c-17.7 0-32-14.3-32-32s14.3-32 32-32 32 14.3 32 32-14.3 32-32 32z\"><\/path><\/svg>\t\t\t<\/span>\n\t\t\t\t\t\t<span class=\"elementor-button-text\">objetivos<\/span>\n\t\t<\/span>\n\t\t\t\t\t<\/a>\n\t\t<\/div>\n\t\t\t\t<\/div>\n\t\t\t\t<\/div>\n\t\t\t\t\t<\/div>\n\t\t<\/div>\n\t\t\t\t<div class=\"elementor-column elementor-col-33 elementor-top-column elementor-element elementor-element-37fbd94f\" data-id=\"37fbd94f\" data-element_type=\"column\">\n\t\t\t<div class=\"elementor-widget-wrap\">\n\t\t\t\t\t\t\t\t\t<\/div>\n\t\t<\/div>\n\t\t\t\t\t\t\t<\/div>\n\t\t<\/section>\n\t\t\t\t<section class=\"elementor-section elementor-top-section elementor-element elementor-element-5fc36361 elementor-section-full_width elementor-section-height-default elementor-section-height-default\" data-id=\"5fc36361\" data-element_type=\"section\">\n\t\t\t\t\t\t<div class=\"elementor-container elementor-column-gap-default\">\n\t\t\t\t\t<div class=\"elementor-column elementor-col-50 elementor-top-column elementor-element elementor-element-2d6335ac\" data-id=\"2d6335ac\" data-element_type=\"column\">\n\t\t\t<div class=\"elementor-widget-wrap elementor-element-populated\">\n\t\t\t\t\t\t\t\t<section class=\"elementor-section elementor-inner-section elementor-element elementor-element-2700ce4d elementor-section-full_width elementor-section-height-default elementor-section-height-default\" data-id=\"2700ce4d\" data-element_type=\"section\" data-settings=\"{&quot;background_background&quot;:&quot;classic&quot;}\" data-e-bg-lazyload=\"\">\n\t\t\t\t\t\t<div class=\"elementor-container elementor-column-gap-default\">\n\t\t\t\t\t<div class=\"elementor-column elementor-col-100 elementor-inner-column elementor-element elementor-element-5fb3a2d\" data-id=\"5fb3a2d\" data-element_type=\"column\">\n\t\t\t<div class=\"elementor-widget-wrap elementor-element-populated\">\n\t\t\t\t\t\t\t\t<div class=\"elementor-element elementor-element-8827efe elementor-widget elementor-widget-menu-anchor\" data-id=\"8827efe\" data-element_type=\"widget\" data-widget_type=\"menu-anchor.default\">\n\t\t\t\t<div class=\"elementor-widget-container\">\n\t\t\t<style>\/*! elementor - v3.13.3 - 22-05-2023 *\/\nbody.elementor-page .elementor-widget-menu-anchor{margin-bottom:0}<\/style>\t\t<div id=\"objetivos\" class=\"elementor-menu-anchor\"><\/div>\n\t\t\t\t<\/div>\n\t\t\t\t<\/div>\n\t\t\t\t<div class=\"elementor-element elementor-element-548ce66d elementor-widget elementor-widget-image\" data-id=\"548ce66d\" data-element_type=\"widget\" data-widget_type=\"image.default\">\n\t\t\t\t<div class=\"elementor-widget-container\">\n\t\t\t<style>\/*! elementor - v3.13.3 - 22-05-2023 *\/\n.elementor-widget-image{text-align:center}.elementor-widget-image a{display:inline-block}.elementor-widget-image a img[src$=\".svg\"]{width:48px}.elementor-widget-image img{vertical-align:middle;display:inline-block}<\/style>\t\t\t\t\t\t\t\t\t\t\t\t<img loading=\"lazy\" decoding=\"async\" width=\"2560\" height=\"2560\" src=\"https:\/\/ninhodasartes.com\/wp-content\/uploads\/2023\/05\/old-books-arrangement-with-copy-space-scaled.jpg\" class=\"attachment-full size-full wp-image-339\" alt=\"\" srcset=\"https:\/\/ninhodasartes.com\/wp-content\/uploads\/2023\/05\/old-books-arrangement-with-copy-space-scaled.jpg 2560w, https:\/\/ninhodasartes.com\/wp-content\/uploads\/2023\/05\/old-books-arrangement-with-copy-space-300x300.jpg 300w, https:\/\/ninhodasartes.com\/wp-content\/uploads\/2023\/05\/old-books-arrangement-with-copy-space-1024x1024.jpg 1024w, https:\/\/ninhodasartes.com\/wp-content\/uploads\/2023\/05\/old-books-arrangement-with-copy-space-150x150.jpg 150w, https:\/\/ninhodasartes.com\/wp-content\/uploads\/2023\/05\/old-books-arrangement-with-copy-space-768x768.jpg 768w, https:\/\/ninhodasartes.com\/wp-content\/uploads\/2023\/05\/old-books-arrangement-with-copy-space-1536x1536.jpg 1536w, https:\/\/ninhodasartes.com\/wp-content\/uploads\/2023\/05\/old-books-arrangement-with-copy-space-2048x2048.jpg 2048w\" sizes=\"(max-width: 2560px) 100vw, 2560px\" \/>\t\t\t\t\t\t\t\t\t\t\t\t\t\t\t<\/div>\n\t\t\t\t<\/div>\n\t\t\t\t<div class=\"elementor-element elementor-element-4668e3a2 elementor-widget elementor-widget-heading\" data-id=\"4668e3a2\" data-element_type=\"widget\" data-widget_type=\"heading.default\">\n\t\t\t\t<div class=\"elementor-widget-container\">\n\t\t\t<h3 class=\"elementor-heading-title elementor-size-default\">ODS 4 - Educa\u00e7\u00e3o de qualidade<\/h3>\t\t<\/div>\n\t\t\t\t<\/div>\n\t\t\t\t<div class=\"elementor-element elementor-element-57f1d258 elementor-widget elementor-widget-text-editor\" data-id=\"57f1d258\" data-element_type=\"widget\" data-widget_type=\"text-editor.default\">\n\t\t\t\t<div class=\"elementor-widget-container\">\n\t\t\t\t\t\t\t<p><span style=\"font-weight: 400;\">Sob coordena\u00e7\u00e3o pedag\u00f3gica, o Ninho das Artes vai oferecer 100 horas\/aula por cidade com conte\u00fado te\u00f3ricos e pr\u00e1ticos de forma que os participantes, por meio da<\/span><\/p><p><span style=\"font-weight: 400;\">Educa\u00e7\u00e3o de qualidade, sejam capazes de desenvolver as fun\u00e7\u00f5es propostas no conte\u00fado program\u00e1tico. Al\u00e9m de presenciais, as f\u00e1bulas de Monteiro Lobato ganham vers\u00e3o<\/span><\/p><p><span style=\"font-weight: 400;\">Online e ser\u00e3o entregues a Administra\u00e7\u00e3o Regional de Ensino de cada cidade juntamente com material did\u00e1tico para ser distribu\u00eddo nas escolas p\u00fablicas.<\/span><\/p>\t\t\t\t\t\t<\/div>\n\t\t\t\t<\/div>\n\t\t\t\t\t<\/div>\n\t\t<\/div>\n\t\t\t\t\t\t\t<\/div>\n\t\t<\/section>\n\t\t\t\t\t<\/div>\n\t\t<\/div>\n\t\t\t\t<div class=\"elementor-column elementor-col-50 elementor-top-column elementor-element elementor-element-ad74332\" data-id=\"ad74332\" data-element_type=\"column\">\n\t\t\t<div class=\"elementor-widget-wrap elementor-element-populated\">\n\t\t\t\t\t\t\t\t<section class=\"elementor-section elementor-inner-section elementor-element elementor-element-3265e3b elementor-section-full_width elementor-section-height-default elementor-section-height-default\" data-id=\"3265e3b\" data-element_type=\"section\" data-settings=\"{&quot;background_background&quot;:&quot;classic&quot;}\" data-e-bg-lazyload=\"\">\n\t\t\t\t\t\t<div class=\"elementor-container elementor-column-gap-default\">\n\t\t\t\t\t<div class=\"elementor-column elementor-col-100 elementor-inner-column elementor-element elementor-element-d774154\" data-id=\"d774154\" data-element_type=\"column\">\n\t\t\t<div class=\"elementor-widget-wrap elementor-element-populated\">\n\t\t\t\t\t\t\t\t<div class=\"elementor-element elementor-element-4cab3d5 elementor-widget elementor-widget-image\" data-id=\"4cab3d5\" data-element_type=\"widget\" data-widget_type=\"image.default\">\n\t\t\t\t<div class=\"elementor-widget-container\">\n\t\t\t\t\t\t\t\t\t\t\t\t\t\t\t<img loading=\"lazy\" decoding=\"async\" width=\"2560\" height=\"2560\" src=\"https:\/\/ninhodasartes.com\/wp-content\/uploads\/2023\/05\/person-painting-with-gouache-big-canvas-scaled.jpg\" class=\"attachment-full size-full wp-image-340\" alt=\"\" srcset=\"https:\/\/ninhodasartes.com\/wp-content\/uploads\/2023\/05\/person-painting-with-gouache-big-canvas-scaled.jpg 2560w, https:\/\/ninhodasartes.com\/wp-content\/uploads\/2023\/05\/person-painting-with-gouache-big-canvas-300x300.jpg 300w, https:\/\/ninhodasartes.com\/wp-content\/uploads\/2023\/05\/person-painting-with-gouache-big-canvas-1024x1024.jpg 1024w, https:\/\/ninhodasartes.com\/wp-content\/uploads\/2023\/05\/person-painting-with-gouache-big-canvas-150x150.jpg 150w, https:\/\/ninhodasartes.com\/wp-content\/uploads\/2023\/05\/person-painting-with-gouache-big-canvas-768x768.jpg 768w, https:\/\/ninhodasartes.com\/wp-content\/uploads\/2023\/05\/person-painting-with-gouache-big-canvas-1536x1536.jpg 1536w, https:\/\/ninhodasartes.com\/wp-content\/uploads\/2023\/05\/person-painting-with-gouache-big-canvas-2048x2048.jpg 2048w\" sizes=\"(max-width: 2560px) 100vw, 2560px\" \/>\t\t\t\t\t\t\t\t\t\t\t\t\t\t\t<\/div>\n\t\t\t\t<\/div>\n\t\t\t\t<div class=\"elementor-element elementor-element-5544a79 elementor-widget elementor-widget-heading\" data-id=\"5544a79\" data-element_type=\"widget\" data-widget_type=\"heading.default\">\n\t\t\t\t<div class=\"elementor-widget-container\">\n\t\t\t<h3 class=\"elementor-heading-title elementor-size-default\">ODS 8 - Trabalho decente e crescimento econ\u00f4mico<\/h3>\t\t<\/div>\n\t\t\t\t<\/div>\n\t\t\t\t<div class=\"elementor-element elementor-element-5856728 elementor-widget elementor-widget-text-editor\" data-id=\"5856728\" data-element_type=\"widget\" data-widget_type=\"text-editor.default\">\n\t\t\t\t<div class=\"elementor-widget-container\">\n\t\t\t\t\t\t\t<p><span style=\"font-weight: 400;\">Como consequ\u00eancia direta da ODS 4, o projeto Ninho das Artes prop\u00f5e que cada creche se organize como um centro de gest\u00e3o de trabalho em la\u00e7os colaborativos com a comunidade. Essa consequ\u00eancia desemboca numa Feira Colaborativa que nasce diretamente do bloco de oficinas formativas e surge como um produto a ser administrado pelas duas creches de cada cidade. De forma que o projeto lan\u00e7a sementes para que a comunidade se desenvolva dentro da \u00f3tica da economia criativa.<\/span><\/p>\t\t\t\t\t\t<\/div>\n\t\t\t\t<\/div>\n\t\t\t\t\t<\/div>\n\t\t<\/div>\n\t\t\t\t\t\t\t<\/div>\n\t\t<\/section>\n\t\t\t\t\t<\/div>\n\t\t<\/div>\n\t\t\t\t\t\t\t<\/div>\n\t\t<\/section>\n\t\t\t\t<section class=\"elementor-section elementor-top-section elementor-element elementor-element-46bfb57 elementor-section-full_width elementor-section-height-default elementor-section-height-default\" data-id=\"46bfb57\" data-element_type=\"section\">\n\t\t\t\t\t\t<div class=\"elementor-container elementor-column-gap-default\">\n\t\t\t\t\t<div class=\"elementor-column elementor-col-50 elementor-top-column elementor-element elementor-element-bd389e1\" data-id=\"bd389e1\" data-element_type=\"column\">\n\t\t\t<div class=\"elementor-widget-wrap elementor-element-populated\">\n\t\t\t\t\t\t\t\t<section class=\"elementor-section elementor-inner-section elementor-element elementor-element-bdd7c68 elementor-section-full_width elementor-section-height-default elementor-section-height-default\" data-id=\"bdd7c68\" data-element_type=\"section\" data-settings=\"{&quot;background_background&quot;:&quot;classic&quot;}\" data-e-bg-lazyload=\"\">\n\t\t\t\t\t\t<div class=\"elementor-container elementor-column-gap-default\">\n\t\t\t\t\t<div class=\"elementor-column elementor-col-100 elementor-inner-column elementor-element elementor-element-d3c897a\" data-id=\"d3c897a\" data-element_type=\"column\">\n\t\t\t<div class=\"elementor-widget-wrap elementor-element-populated\">\n\t\t\t\t\t\t\t\t<div class=\"elementor-element elementor-element-9cc8efe elementor-widget elementor-widget-image\" data-id=\"9cc8efe\" data-element_type=\"widget\" data-widget_type=\"image.default\">\n\t\t\t\t<div class=\"elementor-widget-container\">\n\t\t\t\t\t\t\t\t\t\t\t\t\t\t\t<img loading=\"lazy\" decoding=\"async\" width=\"2560\" height=\"2560\" src=\"https:\/\/ninhodasartes.com\/wp-content\/uploads\/2023\/05\/child-painting-by-water-colors-paper-lying-floor-scaled.jpg\" class=\"attachment-full size-full wp-image-341\" alt=\"\" srcset=\"https:\/\/ninhodasartes.com\/wp-content\/uploads\/2023\/05\/child-painting-by-water-colors-paper-lying-floor-scaled.jpg 2560w, https:\/\/ninhodasartes.com\/wp-content\/uploads\/2023\/05\/child-painting-by-water-colors-paper-lying-floor-300x300.jpg 300w, https:\/\/ninhodasartes.com\/wp-content\/uploads\/2023\/05\/child-painting-by-water-colors-paper-lying-floor-1024x1024.jpg 1024w, https:\/\/ninhodasartes.com\/wp-content\/uploads\/2023\/05\/child-painting-by-water-colors-paper-lying-floor-150x150.jpg 150w, https:\/\/ninhodasartes.com\/wp-content\/uploads\/2023\/05\/child-painting-by-water-colors-paper-lying-floor-768x768.jpg 768w, https:\/\/ninhodasartes.com\/wp-content\/uploads\/2023\/05\/child-painting-by-water-colors-paper-lying-floor-1536x1536.jpg 1536w, https:\/\/ninhodasartes.com\/wp-content\/uploads\/2023\/05\/child-painting-by-water-colors-paper-lying-floor-2048x2048.jpg 2048w\" sizes=\"(max-width: 2560px) 100vw, 2560px\" \/>\t\t\t\t\t\t\t\t\t\t\t\t\t\t\t<\/div>\n\t\t\t\t<\/div>\n\t\t\t\t<div class=\"elementor-element elementor-element-93f9bdb elementor-widget elementor-widget-heading\" data-id=\"93f9bdb\" data-element_type=\"widget\" data-widget_type=\"heading.default\">\n\t\t\t\t<div class=\"elementor-widget-container\">\n\t\t\t<h3 class=\"elementor-heading-title elementor-size-default\">ODS 11 - Cidades e comunidades sustent\u00e1veis<\/h3>\t\t<\/div>\n\t\t\t\t<\/div>\n\t\t\t\t<div class=\"elementor-element elementor-element-f12471f elementor-widget elementor-widget-text-editor\" data-id=\"f12471f\" data-element_type=\"widget\" data-widget_type=\"text-editor.default\">\n\t\t\t\t<div class=\"elementor-widget-container\">\n\t\t\t\t\t\t\t<p><span style=\"font-weight: 400;\">O projeto Ninho das Artes estende e aprofunda os la\u00e7os comunit\u00e1rios que j\u00e1 existem em torno dessas creches, que operam com voluntariado de m\u00e3es que cuidam dos meninos e meninas da comunidade para que uma grande parte das mulheres saiam para trabalhar e ganhar o sustento. O projeto prop\u00f5e formar agentes comunit\u00e1rios multiplicadores para que toda a comunidade participe e fortale\u00e7a as oficinas de forma que a Feira nas\u00e7a forte, firme e sustent\u00e1vel.<\/span><\/p>\t\t\t\t\t\t<\/div>\n\t\t\t\t<\/div>\n\t\t\t\t\t<\/div>\n\t\t<\/div>\n\t\t\t\t\t\t\t<\/div>\n\t\t<\/section>\n\t\t\t\t\t<\/div>\n\t\t<\/div>\n\t\t\t\t<div class=\"elementor-column elementor-col-50 elementor-top-column elementor-element elementor-element-3bfd70b\" data-id=\"3bfd70b\" data-element_type=\"column\">\n\t\t\t<div class=\"elementor-widget-wrap elementor-element-populated\">\n\t\t\t\t\t\t\t\t<section class=\"elementor-section elementor-inner-section elementor-element elementor-element-8fabe88 elementor-section-full_width elementor-section-height-default elementor-section-height-default\" data-id=\"8fabe88\" data-element_type=\"section\" data-settings=\"{&quot;background_background&quot;:&quot;classic&quot;}\" data-e-bg-lazyload=\"\">\n\t\t\t\t\t\t<div class=\"elementor-container elementor-column-gap-default\">\n\t\t\t\t\t<div class=\"elementor-column elementor-col-100 elementor-inner-column elementor-element elementor-element-a0e5722\" data-id=\"a0e5722\" data-element_type=\"column\">\n\t\t\t<div class=\"elementor-widget-wrap elementor-element-populated\">\n\t\t\t\t\t\t\t\t<div class=\"elementor-element elementor-element-5bd594e elementor-widget elementor-widget-image\" data-id=\"5bd594e\" data-element_type=\"widget\" data-widget_type=\"image.default\">\n\t\t\t\t<div class=\"elementor-widget-container\">\n\t\t\t\t\t\t\t\t\t\t\t\t\t\t\t<img loading=\"lazy\" decoding=\"async\" width=\"2560\" height=\"2560\" src=\"https:\/\/ninhodasartes.com\/wp-content\/uploads\/2023\/05\/close-up-hands-touching-clay-scaled.jpg\" class=\"attachment-full size-full wp-image-342\" alt=\"\" srcset=\"https:\/\/ninhodasartes.com\/wp-content\/uploads\/2023\/05\/close-up-hands-touching-clay-scaled.jpg 2560w, https:\/\/ninhodasartes.com\/wp-content\/uploads\/2023\/05\/close-up-hands-touching-clay-300x300.jpg 300w, https:\/\/ninhodasartes.com\/wp-content\/uploads\/2023\/05\/close-up-hands-touching-clay-1024x1024.jpg 1024w, https:\/\/ninhodasartes.com\/wp-content\/uploads\/2023\/05\/close-up-hands-touching-clay-150x150.jpg 150w, https:\/\/ninhodasartes.com\/wp-content\/uploads\/2023\/05\/close-up-hands-touching-clay-768x768.jpg 768w, https:\/\/ninhodasartes.com\/wp-content\/uploads\/2023\/05\/close-up-hands-touching-clay-1536x1536.jpg 1536w, https:\/\/ninhodasartes.com\/wp-content\/uploads\/2023\/05\/close-up-hands-touching-clay-2048x2048.jpg 2048w\" sizes=\"(max-width: 2560px) 100vw, 2560px\" \/>\t\t\t\t\t\t\t\t\t\t\t\t\t\t\t<\/div>\n\t\t\t\t<\/div>\n\t\t\t\t<div class=\"elementor-element elementor-element-21a493b elementor-widget elementor-widget-heading\" data-id=\"21a493b\" data-element_type=\"widget\" data-widget_type=\"heading.default\">\n\t\t\t\t<div class=\"elementor-widget-container\">\n\t\t\t<h3 class=\"elementor-heading-title elementor-size-default\">ODS 17 - Parcerias e meios de implementa\u00e7\u00e3o <\/h3>\t\t<\/div>\n\t\t\t\t<\/div>\n\t\t\t\t<div class=\"elementor-element elementor-element-7515a21 elementor-widget elementor-widget-text-editor\" data-id=\"7515a21\" data-element_type=\"widget\" data-widget_type=\"text-editor.default\">\n\t\t\t\t<div class=\"elementor-widget-container\">\n\t\t\t\t\t\t\t<p><span style=\"font-weight: 400;\">O projeto Ninho das Artes nasce do micro (comunidade) para o macro (cidade) articulando-se com o poder p\u00fablico local, por meio das Administra\u00e7\u00f5es Regionais que v\u00e3o apoiar a cria\u00e7\u00e3o das feiras e permitir que sejam implantadas de forma perene. Nesse sentido, o projeto faz a media\u00e7\u00e3o social entre base e ponta para que as creches comunit\u00e1rias se aproximem da esfera do poder p\u00fablico e possam assim ser acolhidas. A ideia \u00e9 de que as Administra\u00e7\u00f5es Regionais sejam as sedes das oficinas aumentando la\u00e7os <\/span><\/p>\t\t\t\t\t\t<\/div>\n\t\t\t\t<\/div>\n\t\t\t\t\t<\/div>\n\t\t<\/div>\n\t\t\t\t\t\t\t<\/div>\n\t\t<\/section>\n\t\t\t\t\t<\/div>\n\t\t<\/div>\n\t\t\t\t\t\t\t<\/div>\n\t\t<\/section>\n\t\t\t\t\t\t\t<\/div>\n\t\t","protected":false},"excerpt":{"rendered":"<p>OBJETIVOS DO DESENVOLVIMENTO SUSTENT\u00c1VEL (ODS) O projeto Ninho das Artes n\u00e3o quer s\u00f3 impactar sensivelmente um p\u00fablico de primeira inf\u00e2ncia durante um intervalo de tempo por meio da magia das f\u00e1bulas. Quer tamb\u00e9m fortalecer o espa\u00e7o acolhedor que o protege. Ao escolher as creches comunit\u00e1rias, esses dois aspectos precisam ser entrela\u00e7ados e compreendidos para que [&hellip;]<\/p>\n","protected":false},"author":1,"featured_media":0,"parent":0,"menu_order":0,"comment_status":"closed","ping_status":"closed","template":"elementor_header_footer","meta":{"footnotes":""},"_links":{"self":[{"href":"https:\/\/ninhodasartes.com\/index.php\/wp-json\/wp\/v2\/pages\/124"}],"collection":[{"href":"https:\/\/ninhodasartes.com\/index.php\/wp-json\/wp\/v2\/pages"}],"about":[{"href":"https:\/\/ninhodasartes.com\/index.php\/wp-json\/wp\/v2\/types\/page"}],"author":[{"embeddable":true,"href":"https:\/\/ninhodasartes.com\/index.php\/wp-json\/wp\/v2\/users\/1"}],"replies":[{"embeddable":true,"href":"https:\/\/ninhodasartes.com\/index.php\/wp-json\/wp\/v2\/comments?post=124"}],"version-history":[{"count":42,"href":"https:\/\/ninhodasartes.com\/index.php\/wp-json\/wp\/v2\/pages\/124\/revisions"}],"predecessor-version":[{"id":382,"href":"https:\/\/ninhodasartes.com\/index.php\/wp-json\/wp\/v2\/pages\/124\/revisions\/382"}],"wp:attachment":[{"href":"https:\/\/ninhodasartes.com\/index.php\/wp-json\/wp\/v2\/media?parent=124"}],"curies":[{"name":"wp","href":"https:\/\/api.w.org\/{rel}","templated":true}]}}